{"id":98205,"date":"2025-08-11T13:47:34","date_gmt":"2025-08-11T13:47:34","guid":{"rendered":"https:\/\/glintingeyes.com\/pl\/product\/samsung-x-series-x50-wvm-2000-ladowarka-kompatybilna\/"},"modified":"2025-08-11T13:47:34","modified_gmt":"2025-08-11T13:47:34","slug":"samsung-x-series-x50-wvm-2000-ladowarka-kompatybilna","status":"publish","type":"product","link":"https:\/\/glintingeyes.com\/pl\/product\/samsung-x-series-x50-wvm-2000-ladowarka-kompatybilna\/","title":{"rendered":"Samsung X Series X50 WVM 2000 \u0141adowarka kompatybilna"},"content":{"rendered":"<p>Nowa, kompatybilna \u0142adowarka i zasilacz do laptopa, odpowiednia dla modelu Samsung X Series X50 WVM 2000.<br \/>\nPosiada certyfikat CE zgodny z normami Unii Europejskiej, w zestawie znajduje si\u0119 kabel zasilaj\u0105cy.<br \/>\n180 dni gwarancji zwrotu pieni\u0119dzy oraz roczna gwarancja naprawy.<br \/>\nZe wzgl\u0119du na szybki rozw\u00f3j produkt\u00f3w, otrzymany towar mo\u017ce nieznacznie r\u00f3\u017cni\u0107 si\u0119 od przedstawionego na zdj\u0119ciach.<br \/>\nProsimy si\u0119 nie martwi\u0107 \u2014 r\u00f3\u017cnice dotycz\u0105 jedynie wygl\u0105du zewn\u0119trznego i opakowania, nie maj\u0105 \u017cadnego wp\u0142ywu na funkcjonalno\u015b\u0107.<\/p>\n","protected":false},"excerpt":{"rendered":"<p>Nowa, kompatybilna \u0142adowarka i zasilacz do laptopa, odpowiednia dla modelu Samsung X Series X50 WVM 2000. Posiada certyfikat CE zgodny z normami Unii Europejskiej, w zestawie znajduje si\u0119 kabel zasilaj\u0105cy. 180 dni gwarancji zwrotu pieni\u0119dzy oraz roczna gwarancja naprawy. Ze wzgl\u0119du na szybki rozw\u00f3j produkt\u00f3w, otrzymany towar mo\u017ce nieznacznie r\u00f3\u017cni\u0107 si\u0119 od przedstawionego na zdj\u0119ciach. [&hellip;]<\/p>\n","protected":false},"featured_media":2840,"comment_status":"open","ping_status":"closed","template":"","meta":{"_uag_custom_page_level_css":"","site-sidebar-layout":"default","site-content-layout":"","ast-site-content-layout":"default","site-content-style":"default","site-sidebar-style":"default","ast-global-header-display":"","ast-banner-title-visibility":"","ast-main-header-display":"","ast-hfb-above-header-display":"","ast-hfb-below-header-display":"","ast-hfb-mobile-header-display":"","site-post-title":"","ast-breadcrumbs-content":"","ast-featured-img":"","footer-sml-layout":"","ast-disable-related-posts":"","theme-transparent-header-meta":"","adv-header-id-meta":"","stick-header-meta":"","header-above-stick-meta":"","header-main-stick-meta":"","header-below-stick-meta":"","astra-migrate-meta-layouts":"default","ast-page-background-enabled":"default","ast-page-background-meta":{"desktop":{"background-color":"var(--ast-global-color-4)","background-image":"","background-repeat":"repeat","background-position":"center center","background-size":"auto","background-attachment":"scroll","background-type":"","background-media":"","overlay-type":"","overlay-color":"","overlay-opacity":"","overlay-gradient":""},"tablet":{"background-color":"","background-image":"","background-repeat":"repeat","background-position":"center center","background-size":"auto","background-attachment":"scroll","background-type":"","background-media":"","overlay-type":"","overlay-color":"","overlay-opacity":"","overlay-gradient":""},"mobile":{"background-color":"","background-image":"","background-repeat":"repeat","background-position":"center center","background-size":"auto","background-attachment":"scroll","background-type":"","background-media":"","overlay-type":"","overlay-color":"","overlay-opacity":"","overlay-gradient":""}},"ast-content-background-meta":{"desktop":{"background-color":"var(--ast-global-color-5)","background-image":"","background-repeat":"repeat","background-position":"center center","background-size":"auto","background-attachment":"scroll","background-type":"","background-media":"","overlay-type":"","overlay-color":"","overlay-opacity":"","overlay-gradient":""},"tablet":{"background-color":"var(--ast-global-color-5)","background-image":"","background-repeat":"repeat","background-position":"center center","background-size":"auto","background-attachment":"scroll","background-type":"","background-media":"","overlay-type":"","overlay-color":"","overlay-opacity":"","overlay-gradient":""},"mobile":{"background-color":"var(--ast-global-color-5)","background-image":"","background-repeat":"repeat","background-position":"center center","background-size":"auto","background-attachment":"scroll","background-type":"","background-media":"","overlay-type":"","overlay-color":"","overlay-opacity":"","overlay-gradient":""}}},"product_brand":[],"product_cat":[54],"product_tag":[],"class_list":{"0":"post-98205","1":"product","2":"type-product","3":"status-publish","4":"has-post-thumbnail","6":"product_cat-samsung-kompatybilna","7":"desktop-align-left","8":"tablet-align-left","9":"mobile-align-left","11":"first","12":"instock","13":"shipping-taxable","14":"purchasable","15":"product-type-simple"},"uagb_featured_image_src":{"full":["https:\/\/glintingeyes.com\/pl\/wp-content\/uploads\/sites\/2\/2025\/08\/Adapter-Charger-1000.webp",1000,1000,false],"thumbnail":["https:\/\/glintingeyes.com\/pl\/wp-content\/uploads\/sites\/2\/2025\/08\/Adapter-Charger-1000-150x150.webp",150,150,true],"medium":["https:\/\/glintingeyes.com\/pl\/wp-content\/uploads\/sites\/2\/2025\/08\/Adapter-Charger-1000-300x300.webp",300,300,true],"medium_large":["https:\/\/glintingeyes.com\/pl\/wp-content\/uploads\/sites\/2\/2025\/08\/Adapter-Charger-1000-768x768.webp",768,768,true],"large":["https:\/\/glintingeyes.com\/pl\/wp-content\/uploads\/sites\/2\/2025\/08\/Adapter-Charger-1000.webp",1000,1000,false],"1536x1536":["https:\/\/glintingeyes.com\/pl\/wp-content\/uploads\/sites\/2\/2025\/08\/Adapter-Charger-1000.webp",1000,1000,false],"2048x2048":["https:\/\/glintingeyes.com\/pl\/wp-content\/uploads\/sites\/2\/2025\/08\/Adapter-Charger-1000.webp",1000,1000,false],"woocommerce_thumbnail":["https:\/\/glintingeyes.com\/pl\/wp-content\/uploads\/sites\/2\/2025\/08\/Adapter-Charger-1000-300x300.webp",300,300,true],"woocommerce_single":["https:\/\/glintingeyes.com\/pl\/wp-content\/uploads\/sites\/2\/2025\/08\/Adapter-Charger-1000-600x600.webp",600,600,true],"woocommerce_gallery_thumbnail":["https:\/\/glintingeyes.com\/pl\/wp-content\/uploads\/sites\/2\/2025\/08\/Adapter-Charger-1000-100x100.webp",100,100,true]},"uagb_author_info":{"display_name":"glintingeyes","author_link":"https:\/\/glintingeyes.com\/pl\/author\/"},"uagb_comment_info":0,"uagb_excerpt":"Nowa, kompatybilna \u0142adowarka i zasilacz do laptopa, odpowiednia dla modelu Samsung X Series X50 WVM 2000. Posiada certyfikat CE zgodny z normami Unii Europejskiej, w zestawie znajduje si\u0119 kabel zasilaj\u0105cy. 180 dni gwarancji zwrotu pieni\u0119dzy oraz roczna gwarancja naprawy. Ze wzgl\u0119du na szybki rozw\u00f3j produkt\u00f3w, otrzymany towar mo\u017ce nieznacznie r\u00f3\u017cni\u0107 si\u0119 od przedstawionego na zdj\u0119ciach.&hellip;","_links":{"self":[{"href":"https:\/\/glintingeyes.com\/pl\/wp-json\/wp\/v2\/product\/98205","targetHints":{"allow":["GET"]}}],"collection":[{"href":"https:\/\/glintingeyes.com\/pl\/wp-json\/wp\/v2\/product"}],"about":[{"href":"https:\/\/glintingeyes.com\/pl\/wp-json\/wp\/v2\/types\/product"}],"replies":[{"embeddable":true,"href":"https:\/\/glintingeyes.com\/pl\/wp-json\/wp\/v2\/comments?post=98205"}],"wp:featuredmedia":[{"embeddable":true,"href":"https:\/\/glintingeyes.com\/pl\/wp-json\/wp\/v2\/media\/2840"}],"wp:attachment":[{"href":"https:\/\/glintingeyes.com\/pl\/wp-json\/wp\/v2\/media?parent=98205"}],"wp:term":[{"taxonomy":"product_brand","embeddable":true,"href":"https:\/\/glintingeyes.com\/pl\/wp-json\/wp\/v2\/product_brand?post=98205"},{"taxonomy":"product_cat","embeddable":true,"href":"https:\/\/glintingeyes.com\/pl\/wp-json\/wp\/v2\/product_cat?post=98205"},{"taxonomy":"product_tag","embeddable":true,"href":"https:\/\/glintingeyes.com\/pl\/wp-json\/wp\/v2\/product_tag?post=98205"}],"curies":[{"name":"wp","href":"https:\/\/api.w.org\/{rel}","templated":true}]}}