{"id":2830,"date":"2025-08-10T11:38:45","date_gmt":"2025-08-10T11:38:45","guid":{"rendered":"https:\/\/glintingeyes.com\/pl\/?page_id=2830"},"modified":"2025-08-10T11:45:57","modified_gmt":"2025-08-10T11:45:57","slug":"warranty-and-refund-policy","status":"publish","type":"page","link":"https:\/\/glintingeyes.com\/pl\/warranty-and-refund-policy\/","title":{"rendered":"Polityka gwarancji i zwrot\u00f3w"},"content":{"rendered":"\n<p>Aby zapewni\u0107 bezproblemowe zakupy, oferujemy nast\u0119puj\u0105ce zabezpieczenia dla wszystkich zakupionych u nas zasilaczy do laptop\u00f3w:<\/p>\n\n\n\n<ol start=\"1\" class=\"wp-block-list\">\n<li><strong>Gwarancja produktu<\/strong><\/li>\n<\/ol>\n\n\n\n<p>Zapewniamy 365-dniow\u0105 gwarancj\u0119 na produkt:<\/p>\n\n\n\n<ul class=\"wp-block-list\">\n<li>Je\u015bli produkt ulegnie awarii niezawinionej przez u\u017cytkownika w ci\u0105gu 365 dni od zakupu, oferujemy bezp\u0142atn\u0105 wymian\u0119.<\/li>\n\n\n\n<li>Klient jest zobowi\u0105zany odes\u0142a\u0107 produkt na wskazany adres zwrotny. Koszty wysy\u0142ki zwrotnej ponosi klient.<\/li>\n<\/ul>\n\n\n\n<ol start=\"2\" class=\"wp-block-list\">\n<li><strong>Polityka zwrot\u00f3w<\/strong><\/li>\n<\/ol>\n\n\n\n<p>Oferujemy 180-dniow\u0105 gwarancj\u0119 zwrotu pieni\u0119dzy na nast\u0119puj\u0105cych warunkach:<\/p>\n\n\n\n<ul class=\"wp-block-list\">\n<li>Je\u015bli w ci\u0105gu 180 dni od zakupu wyst\u0105pi problem niezawiniony przez u\u017cytkownika, mo\u017cesz poprosi\u0107 o zwrot pieni\u0119dzy zamiast wymiany.<\/li>\n\n\n\n<li>Produkt musi zosta\u0107 zwr\u00f3cony na nasz wskazany adres na koszt klienta.<\/li>\n\n\n\n<li>Po otrzymaniu i sprawdzeniu zwr\u00f3conego produktu zwrot zostanie dokonany na oryginaln\u0105 metod\u0119 p\u0142atno\u015bci. Prosimy o 7\u201314 dni roboczych na przetworzenie zwrotu i zaksi\u0119gowanie \u015brodk\u00f3w.<\/li>\n<\/ul>\n\n\n\n<ol start=\"3\" class=\"wp-block-list\">\n<li><strong>Anulowanie zam\u00f3wienia (prawo do odst\u0105pienia od umowy w UE)<\/strong><\/li>\n<\/ol>\n\n\n\n<p>Zgodnie z przepisami ochrony konsument\u00f3w w UE masz prawo anulowa\u0107 zam\u00f3wienie w ci\u0105gu 14 dni od jego z\u0142o\u017cenia. Warunki s\u0105 nast\u0119puj\u0105ce:<\/p>\n\n\n\n<ul class=\"wp-block-list\">\n<li>Je\u015bli zam\u00f3wienie nie zosta\u0142o wys\u0142ane: mo\u017cesz je anulowa\u0107 i otrzyma\u0107 pe\u0142ny zwrot pieni\u0119dzy.<\/li>\n\n\n\n<li>Je\u015bli zam\u00f3wienie zosta\u0142o ju\u017c wys\u0142ane: mo\u017cesz je anulowa\u0107, ale najpierw musisz odebra\u0107 przesy\u0142k\u0119, a nast\u0119pnie odes\u0142a\u0107 j\u0105 na wskazany adres. W takim przypadku koszt wysy\u0142ki poniesiony przez nas zostanie odj\u0119ty od zwrotu.<\/li>\n\n\n\n<li>Koszty zwrotnej wysy\u0142ki ponosi klient.<\/li>\n<\/ul>\n\n\n\n<p>Aby zg\u0142osi\u0107 wymian\u0119 gwarancyjn\u0105, zwrot pieni\u0119dzy lub anulowanie zam\u00f3wienia, prosimy o kontakt z naszym zespo\u0142em obs\u0142ugi klienta. Przeka\u017cemy Ci adres zwrotu oraz szczeg\u00f3\u0142owe instrukcje dotycz\u0105ce procesu zwrotu.<\/p>\n\n\n\n<p><\/p>\n","protected":false},"excerpt":{"rendered":"<p>Aby zapewni\u0107 bezproblemowe zakupy, oferujemy nast\u0119puj\u0105ce zabezpieczenia dla wszystkich zakupionych u nas zasilaczy do laptop\u00f3w: Zapewniamy 365-dniow\u0105 gwarancj\u0119 na produkt: Oferujemy 180-dniow\u0105 gwarancj\u0119 zwrotu pieni\u0119dzy na nast\u0119puj\u0105cych warunkach: Zgodnie z przepisami ochrony konsument\u00f3w w UE masz prawo anulowa\u0107 zam\u00f3wienie w ci\u0105gu 14 dni od jego z\u0142o\u017cenia. Warunki s\u0105 nast\u0119puj\u0105ce: Aby zg\u0142osi\u0107 wymian\u0119 gwarancyjn\u0105, zwrot pieni\u0119dzy [&hellip;]<\/p>\n","protected":false},"author":1,"featured_media":0,"parent":0,"menu_order":0,"comment_status":"closed","ping_status":"closed","template":"","meta":{"_uag_custom_page_level_css":"","site-sidebar-layout":"no-sidebar","site-content-layout":"","ast-site-content-layout":"default","site-content-style":"default","site-sidebar-style":"default","ast-global-header-display":"","ast-banner-title-visibility":"","ast-main-header-display":"","ast-hfb-above-header-display":"","ast-hfb-below-header-display":"","ast-hfb-mobile-header-display":"","site-post-title":"","ast-breadcrumbs-content":"","ast-featured-img":"","footer-sml-layout":"","ast-disable-related-posts":"","theme-transparent-header-meta":"","adv-header-id-meta":"","stick-header-meta":"","header-above-stick-meta":"","header-main-stick-meta":"","header-below-stick-meta":"","astra-migrate-meta-layouts":"set","ast-page-background-enabled":"default","ast-page-background-meta":{"desktop":{"background-color":"var(--ast-global-color-4)","background-image":"","background-repeat":"repeat","background-position":"center center","background-size":"auto","background-attachment":"scroll","background-type":"","background-media":"","overlay-type":"","overlay-color":"","overlay-opacity":"","overlay-gradient":""},"tablet":{"background-color":"","background-image":"","background-repeat":"repeat","background-position":"center center","background-size":"auto","background-attachment":"scroll","background-type":"","background-media":"","overlay-type":"","overlay-color":"","overlay-opacity":"","overlay-gradient":""},"mobile":{"background-color":"","background-image":"","background-repeat":"repeat","background-position":"center center","background-size":"auto","background-attachment":"scroll","background-type":"","background-media":"","overlay-type":"","overlay-color":"","overlay-opacity":"","overlay-gradient":""}},"ast-content-background-meta":{"desktop":{"background-color":"var(--ast-global-color-5)","background-image":"","background-repeat":"repeat","background-position":"center center","background-size":"auto","background-attachment":"scroll","background-type":"","background-media":"","overlay-type":"","overlay-color":"","overlay-opacity":"","overlay-gradient":""},"tablet":{"background-color":"var(--ast-global-color-5)","background-image":"","background-repeat":"repeat","background-position":"center center","background-size":"auto","background-attachment":"scroll","background-type":"","background-media":"","overlay-type":"","overlay-color":"","overlay-opacity":"","overlay-gradient":""},"mobile":{"background-color":"var(--ast-global-color-5)","background-image":"","background-repeat":"repeat","background-position":"center center","background-size":"auto","background-attachment":"scroll","background-type":"","background-media":"","overlay-type":"","overlay-color":"","overlay-opacity":"","overlay-gradient":""}},"footnotes":""},"class_list":["post-2830","page","type-page","status-publish","hentry"],"uagb_featured_image_src":{"full":false,"thumbnail":false,"medium":false,"medium_large":false,"large":false,"1536x1536":false,"2048x2048":false,"woocommerce_thumbnail":false,"woocommerce_single":false,"woocommerce_gallery_thumbnail":false},"uagb_author_info":{"display_name":"glintingeyes","author_link":"https:\/\/glintingeyes.com\/pl\/author\/glintingeyes\/"},"uagb_comment_info":0,"uagb_excerpt":"Aby zapewni\u0107 bezproblemowe zakupy, oferujemy nast\u0119puj\u0105ce zabezpieczenia dla wszystkich zakupionych u nas zasilaczy do laptop\u00f3w: Zapewniamy 365-dniow\u0105 gwarancj\u0119 na produkt: Oferujemy 180-dniow\u0105 gwarancj\u0119 zwrotu pieni\u0119dzy na nast\u0119puj\u0105cych warunkach: Zgodnie z przepisami ochrony konsument\u00f3w w UE masz prawo anulowa\u0107 zam\u00f3wienie w ci\u0105gu 14 dni od jego z\u0142o\u017cenia. Warunki s\u0105 nast\u0119puj\u0105ce: Aby zg\u0142osi\u0107 wymian\u0119 gwarancyjn\u0105, zwrot pieni\u0119dzy&hellip;","_links":{"self":[{"href":"https:\/\/glintingeyes.com\/pl\/wp-json\/wp\/v2\/pages\/2830","targetHints":{"allow":["GET"]}}],"collection":[{"href":"https:\/\/glintingeyes.com\/pl\/wp-json\/wp\/v2\/pages"}],"about":[{"href":"https:\/\/glintingeyes.com\/pl\/wp-json\/wp\/v2\/types\/page"}],"author":[{"embeddable":true,"href":"https:\/\/glintingeyes.com\/pl\/wp-json\/wp\/v2\/users\/1"}],"replies":[{"embeddable":true,"href":"https:\/\/glintingeyes.com\/pl\/wp-json\/wp\/v2\/comments?post=2830"}],"version-history":[{"count":2,"href":"https:\/\/glintingeyes.com\/pl\/wp-json\/wp\/v2\/pages\/2830\/revisions"}],"predecessor-version":[{"id":2833,"href":"https:\/\/glintingeyes.com\/pl\/wp-json\/wp\/v2\/pages\/2830\/revisions\/2833"}],"wp:attachment":[{"href":"https:\/\/glintingeyes.com\/pl\/wp-json\/wp\/v2\/media?parent=2830"}],"curies":[{"name":"wp","href":"https:\/\/api.w.org\/{rel}","templated":true}]}}