{"id":2826,"date":"2025-08-10T11:36:15","date_gmt":"2025-08-10T11:36:15","guid":{"rendered":"https:\/\/glintingeyes.com\/pl\/?page_id=2826"},"modified":"2025-08-10T11:44:03","modified_gmt":"2025-08-10T11:44:03","slug":"shipping-policy","status":"publish","type":"page","link":"https:\/\/glintingeyes.com\/pl\/shipping-policy\/","title":{"rendered":"Polityka wysy\u0142ki"},"content":{"rendered":"\n<p><strong>Szacowany czas dostawy<\/strong><\/p>\n\n\n\n<p>Czas dostawy zazwyczaj wynosi od 7 do 14 dni roboczych od momentu wysy\u0142ki, w zale\u017cno\u015bci od kraju docelowego.<\/p>\n\n\n\n<p><strong>Koszt wysy\u0142ki<\/strong><\/p>\n\n\n\n<p>Koszty wysy\u0142ki s\u0105 obliczane podczas finalizacji zam\u00f3wienia na podstawie adresu dostawy i wybranej metody wysy\u0142ki.<\/p>\n\n\n\n<p>Dla niekt\u00f3rych region\u00f3w lub zam\u00f3wie\u0144 oferujemy darmow\u0105 standardow\u0105 wysy\u0142k\u0119 \u2014 prosimy sprawdzi\u0107 dost\u0119pne opcje na stronie finalizacji zam\u00f3wienia.<\/p>\n\n\n\n<p><strong>C\u0142o i op\u0142aty importowe<\/strong><\/p>\n\n\n\n<p>Zajmujemy si\u0119 wszystkimi formalno\u015bciami celnymi w Twoim imieniu.<\/p>\n\n\n\n<p>Nie b\u0119dziesz musia\u0142 p\u0142aci\u0107 dodatkowych op\u0142at celnych ani podejmowa\u0107 \u017cadnych dzia\u0142a\u0144 zwi\u0105zanych z odpraw\u0105 celn\u0105.<\/p>\n\n\n\n<p><strong>Dodatkowe informacje<\/strong><\/p>\n\n\n\n<p>Dni robocze oznaczaj\u0105 od poniedzia\u0142ku do pi\u0105tku, z wy\u0142\u0105czeniem dni ustawowo wolnych od pracy.<\/p>\n\n\n\n<p>Op\u00f3\u017anienia w dostawie mog\u0105 wyst\u0105pi\u0107 z przyczyn niezale\u017cnych od nas (np. op\u00f3\u017anienia celne, ekstremalne warunki pogodowe itp.).<\/p>\n\n\n\n<p>Je\u015bli masz jakiekolwiek pytania dotycz\u0105ce zam\u00f3wienia lub wysy\u0142ki, prosimy o kontakt z naszym zespo\u0142em obs\u0142ugi klienta.<\/p>\n","protected":false},"excerpt":{"rendered":"<p>Szacowany czas dostawy Czas dostawy zazwyczaj wynosi od 7 do 14 dni roboczych od momentu wysy\u0142ki, w zale\u017cno\u015bci od kraju docelowego. Koszt wysy\u0142ki Koszty wysy\u0142ki s\u0105 obliczane podczas finalizacji zam\u00f3wienia na podstawie adresu dostawy i wybranej metody wysy\u0142ki. Dla niekt\u00f3rych region\u00f3w lub zam\u00f3wie\u0144 oferujemy darmow\u0105 standardow\u0105 wysy\u0142k\u0119 \u2014 prosimy sprawdzi\u0107 dost\u0119pne opcje na stronie finalizacji [&hellip;]<\/p>\n","protected":false},"author":1,"featured_media":0,"parent":0,"menu_order":0,"comment_status":"closed","ping_status":"closed","template":"","meta":{"_uag_custom_page_level_css":"","site-sidebar-layout":"no-sidebar","site-content-layout":"","ast-site-content-layout":"default","site-content-style":"default","site-sidebar-style":"default","ast-global-header-display":"","ast-banner-title-visibility":"","ast-main-header-display":"","ast-hfb-above-header-display":"","ast-hfb-below-header-display":"","ast-hfb-mobile-header-display":"","site-post-title":"","ast-breadcrumbs-content":"","ast-featured-img":"","footer-sml-layout":"","ast-disable-related-posts":"","theme-transparent-header-meta":"","adv-header-id-meta":"","stick-header-meta":"","header-above-stick-meta":"","header-main-stick-meta":"","header-below-stick-meta":"","astra-migrate-meta-layouts":"set","ast-page-background-enabled":"default","ast-page-background-meta":{"desktop":{"background-color":"var(--ast-global-color-4)","background-image":"","background-repeat":"repeat","background-position":"center center","background-size":"auto","background-attachment":"scroll","background-type":"","background-media":"","overlay-type":"","overlay-color":"","overlay-opacity":"","overlay-gradient":""},"tablet":{"background-color":"","background-image":"","background-repeat":"repeat","background-position":"center center","background-size":"auto","background-attachment":"scroll","background-type":"","background-media":"","overlay-type":"","overlay-color":"","overlay-opacity":"","overlay-gradient":""},"mobile":{"background-color":"","background-image":"","background-repeat":"repeat","background-position":"center center","background-size":"auto","background-attachment":"scroll","background-type":"","background-media":"","overlay-type":"","overlay-color":"","overlay-opacity":"","overlay-gradient":""}},"ast-content-background-meta":{"desktop":{"background-color":"var(--ast-global-color-5)","background-image":"","background-repeat":"repeat","background-position":"center center","background-size":"auto","background-attachment":"scroll","background-type":"","background-media":"","overlay-type":"","overlay-color":"","overlay-opacity":"","overlay-gradient":""},"tablet":{"background-color":"var(--ast-global-color-5)","background-image":"","background-repeat":"repeat","background-position":"center center","background-size":"auto","background-attachment":"scroll","background-type":"","background-media":"","overlay-type":"","overlay-color":"","overlay-opacity":"","overlay-gradient":""},"mobile":{"background-color":"var(--ast-global-color-5)","background-image":"","background-repeat":"repeat","background-position":"center center","background-size":"auto","background-attachment":"scroll","background-type":"","background-media":"","overlay-type":"","overlay-color":"","overlay-opacity":"","overlay-gradient":""}},"footnotes":""},"class_list":["post-2826","page","type-page","status-publish","hentry"],"uagb_featured_image_src":{"full":false,"thumbnail":false,"medium":false,"medium_large":false,"large":false,"1536x1536":false,"2048x2048":false,"woocommerce_thumbnail":false,"woocommerce_single":false,"woocommerce_gallery_thumbnail":false},"uagb_author_info":{"display_name":"glintingeyes","author_link":"https:\/\/glintingeyes.com\/pl\/author\/glintingeyes\/"},"uagb_comment_info":0,"uagb_excerpt":"Szacowany czas dostawy Czas dostawy zazwyczaj wynosi od 7 do 14 dni roboczych od momentu wysy\u0142ki, w zale\u017cno\u015bci od kraju docelowego. Koszt wysy\u0142ki Koszty wysy\u0142ki s\u0105 obliczane podczas finalizacji zam\u00f3wienia na podstawie adresu dostawy i wybranej metody wysy\u0142ki. Dla niekt\u00f3rych region\u00f3w lub zam\u00f3wie\u0144 oferujemy darmow\u0105 standardow\u0105 wysy\u0142k\u0119 \u2014 prosimy sprawdzi\u0107 dost\u0119pne opcje na stronie finalizacji&hellip;","_links":{"self":[{"href":"https:\/\/glintingeyes.com\/pl\/wp-json\/wp\/v2\/pages\/2826","targetHints":{"allow":["GET"]}}],"collection":[{"href":"https:\/\/glintingeyes.com\/pl\/wp-json\/wp\/v2\/pages"}],"about":[{"href":"https:\/\/glintingeyes.com\/pl\/wp-json\/wp\/v2\/types\/page"}],"author":[{"embeddable":true,"href":"https:\/\/glintingeyes.com\/pl\/wp-json\/wp\/v2\/users\/1"}],"replies":[{"embeddable":true,"href":"https:\/\/glintingeyes.com\/pl\/wp-json\/wp\/v2\/comments?post=2826"}],"version-history":[{"count":2,"href":"https:\/\/glintingeyes.com\/pl\/wp-json\/wp\/v2\/pages\/2826\/revisions"}],"predecessor-version":[{"id":2829,"href":"https:\/\/glintingeyes.com\/pl\/wp-json\/wp\/v2\/pages\/2826\/revisions\/2829"}],"wp:attachment":[{"href":"https:\/\/glintingeyes.com\/pl\/wp-json\/wp\/v2\/media?parent=2826"}],"curies":[{"name":"wp","href":"https:\/\/api.w.org\/{rel}","templated":true}]}}