{"id":2818,"date":"2025-08-10T11:27:50","date_gmt":"2025-08-10T11:27:50","guid":{"rendered":"https:\/\/glintingeyes.com\/pl\/?page_id=2818"},"modified":"2025-08-14T19:01:26","modified_gmt":"2025-08-14T19:01:26","slug":"privacy-policy","status":"publish","type":"page","link":"https:\/\/glintingeyes.com\/pl\/privacy-policy\/","title":{"rendered":"Polityka prywatno\u015bci"},"content":{"rendered":"\n<p>Witamy na stronie https:\/\/glintingeyes.com (dalej: \u201eStrona\u201d). Rozumiemy, \u017ce prywatno\u015b\u0107 online jest wa\u017cna dla u\u017cytkownik\u00f3w naszej Strony, zw\u0142aszcza podczas dokonywania transakcji. Niniejsze o\u015bwiadczenie reguluje nasze zasady ochrony prywatno\u015bci wobec u\u017cytkownik\u00f3w Strony (\u201eOdwiedzaj\u0105cych\u201d), kt\u00f3rzy przegl\u0105daj\u0105 Stron\u0119 bez dokonywania transakcji, oraz u\u017cytkownik\u00f3w zarejestrowanych, dokonuj\u0105cych transakcji i korzystaj\u0105cych z r\u00f3\u017cnych us\u0142ug oferowanych przez Keing Ltd. (zwanych \u0142\u0105cznie \u201eUs\u0142ugami\u201d) (\u201eUpowa\u017cnieni Klienci\u201d).<\/p>\n\n\n\n<p><strong>Osobowe dane identyfikacyjne<\/strong><\/p>\n\n\n\n<p>oznaczaj\u0105 wszelkie informacje, kt\u00f3re identyfikuj\u0105 lub mog\u0105 s\u0142u\u017cy\u0107 do identyfikacji, kontaktu lub zlokalizowania osoby, kt\u00f3rej dotycz\u0105.<\/p>\n\n\n\n<p><strong>Jakie dane osobowe zbieramy?<\/strong><\/p>\n\n\n\n<p>Zbieramy podstawowe informacje o profilu u\u017cytkownika od wszystkich Odwiedzaj\u0105cych. Od Upowa\u017cnionych Klient\u00f3w zbieramy dodatkowo: imi\u0119 i nazwisko, adres e-mail, numer telefonu, adres.<\/p>\n\n\n\n<p><strong>Kto zbiera te informacje?<\/strong><\/p>\n\n\n\n<p>Opr\u00f3cz bezpo\u015bredniego zbierania danych przez nasz\u0105 firm\u0119, informacje mog\u0105 by\u0107 zbierane przez naszych zewn\u0119trznych dostawc\u00f3w us\u0142ug.<\/p>\n\n\n\n<p><strong>W jaki spos\u00f3b Strona wykorzystuje dane osobowe?<\/strong><\/p>\n\n\n\n<p>Dane osobowe wykorzystujemy do personalizacji Strony oraz do oferowania odpowiednich us\u0142ug.<\/p>\n\n\n\n<p><strong>Z kim mog\u0105 by\u0107 udost\u0119pniane dane?<\/strong><\/p>\n\n\n\n<p>Dane osobowe Upowa\u017cnionych Klient\u00f3w mog\u0105 by\u0107 udost\u0119pniane innym Upowa\u017cnionym Klientom.<\/p>\n\n\n\n<p><strong>Jak przechowywane s\u0105 dane osobowe?<\/strong><\/p>\n\n\n\n<p>Dane s\u0105 bezpiecznie przechowywane przez Keing Ltd. i nie s\u0105 dost\u0119pne dla os\u00f3b trzecich ani pracownik\u00f3w firmy, poza celami wskazanymi powy\u017cej.<\/p>\n\n\n\n<p><strong>Jakie masz prawa dotycz\u0105ce danych?<\/strong><\/p>\n\n\n\n<p>Odwiedzaj\u0105cy i Upowa\u017cnieni Klienci mog\u0105 zrezygnowa\u0107 z otrzymywania niechcianych informacji, mog\u0105 poprawia\u0107 swoje dane oraz maj\u0105 prawo do usuni\u0119cia lub dezaktywacji swoich danych.<\/p>\n\n\n\n<p><strong>Pliki cookies<\/strong><\/p>\n\n\n\n<p>Strona u\u017cywa plik\u00f3w cookies do zbierania informacji o preferencjach u\u017cytkownik\u00f3w. Mo\u017cesz skonfigurowa\u0107 przegl\u0105dark\u0119 tak, aby odrzuca\u0142a cookies, jednak niekt\u00f3re funkcje Strony mog\u0105 wtedy nie dzia\u0142a\u0107 prawid\u0142owo.<\/p>\n\n\n\n<div class=\"wp-block-uagb-container uagb-block-d5be0803 alignfull uagb-is-root-container\"><div class=\"uagb-container-inner-blocks-wrap\"><div class=\"cm_shortcode_container\" style=\"--cs-shortcode-text-color: #F0F0F0;\"><h3 style=\"margin-left: 15px;\">Cookies<\/h3><div style=\"margin-left: 15px;\"><div><h4>Necessary<\/h4><\/div><ul><li><strong>sbjs_session<\/strong><\/li><li><strong>cs_stored_consent_for<\/strong><\/li><li><strong>CS-Magic<\/strong><\/li><li><strong>cs_user_preference<\/strong><\/li><li><strong>cs_enabled_cookie_term_61<\/strong><\/li><li><strong>cs_enabled_cookie_term_64<\/strong><\/li><li><strong>cs_enabled_cookie_term_60<\/strong><\/li><li><strong>cs_enabled_cookie_term_9<\/strong><\/li><li><strong>cs_enabled_cookie_term_12<\/strong><\/li><li><strong>cs_enabled_cookie_term_8<\/strong><\/li><li><strong>tk_qs<\/strong><\/li><li><strong>woocommerce_cart_hash<\/strong><\/li><li><strong>__stripe_sid<\/strong><\/li><li><strong>__stripe_mid<\/strong><\/li><li><strong>wp_woocommerce_session_9676ee34f97498bca5064b71533e60d3<\/strong><\/li><li><strong>woocommerce_items_in_cart<\/strong><\/li><li><strong>sbjs_udata<\/strong><\/li><li><strong>sbjs_first<\/strong><\/li><li><strong>sbjs_current<\/strong><\/li><li><strong>sbjs_first_add<\/strong><\/li><li><strong>sbjs_current_add<\/strong><\/li><li><strong>sbjs_migrations<\/strong><\/li><li><strong>wp-settings-time-1<\/strong><\/li><li><strong>wp-settings-1<\/strong><\/li><li><strong>wordpress_logged_in_9676ee34f97498bca5064b71533e60d3<\/strong><\/li><li><strong>wordpress_sec_9676ee34f97498bca5064b71533e60d3<\/strong><\/li><li><strong>wp_lang<\/strong><\/li><li><strong>wordpress_test_cookie<\/strong><\/li><\/ul><div><h4>Marketing<\/h4><\/div><ul><li><strong>tk_ai<\/strong><\/li><\/ul><\/div><\/div>\n<\/div><\/div>\n\n\n\n<p><strong>Jak Keing Ltd. u\u017cywa informacji logowania?<\/strong><\/p>\n\n\n\n<p>Informacje te s\u0105 wykorzystywane do zapewnienia bezpiecznego dost\u0119pu do us\u0142ug.<\/p>\n\n\n\n<p><strong>Partnerzy i dostawcy us\u0142ug<\/strong><\/p>\n\n\n\n<p>Keing Ltd. wsp\u00f3\u0142pracuje z partnerami, kt\u00f3rzy mog\u0105 mie\u0107 dost\u0119p do danych osobowych w celu realizacji us\u0142ug.<\/p>\n\n\n\n<p><strong>Bezpiecze\u0144stwo danych<\/strong><\/p>\n\n\n\n<p>Wszyscy pracownicy Keing Ltd. s\u0105 zaznajomieni z polityk\u0105 bezpiecze\u0144stwa i stosuj\u0105 odpowiednie \u015brodki ochrony danych.<\/p>\n\n\n\n<p><strong>Twoje prawa<\/strong><\/p>\n\n\n\n<p>Masz prawo do dost\u0119pu do swoich danych, ich poprawiania, usuni\u0119cia, ograniczenia przetwarzania, sprzeciwu wobec przetwarzania, przenoszenia danych, z\u0142o\u017cenia skargi do organu nadzorczego oraz wycofania zgody na przetwarzanie danych.<\/p>\n\n\n\n<p><strong>Prywatno\u015b\u0107 dzieci<\/strong><\/p>\n\n\n\n<p>Nasze Us\u0142ugi nie s\u0105 przeznaczone dla os\u00f3b poni\u017cej 18 roku \u017cycia. Je\u015bli jeste\u015b rodzicem i wiesz, \u017ce Twoje dziecko poda\u0142o nam dane osobowe, prosimy o kontakt.<\/p>\n\n\n\n<p><strong>Zgodno\u015b\u0107 z prawem<\/strong><\/p>\n\n\n\n<p>Mo\u017cemy ujawni\u0107 dane osobowe w celu spe\u0142nienia wymog\u00f3w prawnych.<\/p>\n\n\n\n<p><strong>Zmiany w Polityce Prywatno\u015bci<\/strong><\/p>\n\n\n\n<p>O wszelkich zmianach w polityce poinformujemy naszych u\u017cytkownik\u00f3w.<\/p>\n\n\n\n<p><strong>Linki zewn\u0119trzne<\/strong><\/p>\n\n\n\n<p>Na Stronie mog\u0105 wyst\u0119powa\u0107 linki do innych witryn, za kt\u00f3rych tre\u015b\u0107 nie odpowiadamy.<\/p>\n\n\n\n<p><strong>Kontakt<\/strong><\/p>\n\n\n\n<p>W razie pyta\u0144 dotycz\u0105cych Polityki Prywatno\u015bci, prosimy o kontakt pod adresem: support@glintingeyes.com<\/p>\n","protected":false},"excerpt":{"rendered":"<p>Witamy na stronie https:\/\/glintingeyes.com (dalej: \u201eStrona\u201d). Rozumiemy, \u017ce prywatno\u015b\u0107 online jest wa\u017cna dla u\u017cytkownik\u00f3w naszej Strony, zw\u0142aszcza podczas dokonywania transakcji. Niniejsze o\u015bwiadczenie reguluje nasze zasady ochrony prywatno\u015bci wobec u\u017cytkownik\u00f3w Strony (\u201eOdwiedzaj\u0105cych\u201d), kt\u00f3rzy przegl\u0105daj\u0105 Stron\u0119 bez dokonywania transakcji, oraz u\u017cytkownik\u00f3w zarejestrowanych, dokonuj\u0105cych transakcji i korzystaj\u0105cych z r\u00f3\u017cnych us\u0142ug oferowanych przez Keing Ltd. (zwanych \u0142\u0105cznie \u201eUs\u0142ugami\u201d) (\u201eUpowa\u017cnieni [&hellip;]<\/p>\n","protected":false},"author":1,"featured_media":0,"parent":0,"menu_order":0,"comment_status":"closed","ping_status":"closed","template":"","meta":{"_uag_custom_page_level_css":"","site-sidebar-layout":"no-sidebar","site-content-layout":"","ast-site-content-layout":"default","site-content-style":"default","site-sidebar-style":"default","ast-global-header-display":"","ast-banner-title-visibility":"","ast-main-header-display":"","ast-hfb-above-header-display":"","ast-hfb-below-header-display":"","ast-hfb-mobile-header-display":"","site-post-title":"","ast-breadcrumbs-content":"","ast-featured-img":"","footer-sml-layout":"","ast-disable-related-posts":"","theme-transparent-header-meta":"","adv-header-id-meta":"","stick-header-meta":"","header-above-stick-meta":"","header-main-stick-meta":"","header-below-stick-meta":"","astra-migrate-meta-layouts":"set","ast-page-background-enabled":"default","ast-page-background-meta":{"desktop":{"background-color":"var(--ast-global-color-4)","background-image":"","background-repeat":"repeat","background-position":"center center","background-size":"auto","background-attachment":"scroll","background-type":"","background-media":"","overlay-type":"","overlay-color":"","overlay-opacity":"","overlay-gradient":""},"tablet":{"background-color":"","background-image":"","background-repeat":"repeat","background-position":"center center","background-size":"auto","background-attachment":"scroll","background-type":"","background-media":"","overlay-type":"","overlay-color":"","overlay-opacity":"","overlay-gradient":""},"mobile":{"background-color":"","background-image":"","background-repeat":"repeat","background-position":"center center","background-size":"auto","background-attachment":"scroll","background-type":"","background-media":"","overlay-type":"","overlay-color":"","overlay-opacity":"","overlay-gradient":""}},"ast-content-background-meta":{"desktop":{"background-color":"var(--ast-global-color-5)","background-image":"","background-repeat":"repeat","background-position":"center center","background-size":"auto","background-attachment":"scroll","background-type":"","background-media":"","overlay-type":"","overlay-color":"","overlay-opacity":"","overlay-gradient":""},"tablet":{"background-color":"var(--ast-global-color-5)","background-image":"","background-repeat":"repeat","background-position":"center center","background-size":"auto","background-attachment":"scroll","background-type":"","background-media":"","overlay-type":"","overlay-color":"","overlay-opacity":"","overlay-gradient":""},"mobile":{"background-color":"var(--ast-global-color-5)","background-image":"","background-repeat":"repeat","background-position":"center center","background-size":"auto","background-attachment":"scroll","background-type":"","background-media":"","overlay-type":"","overlay-color":"","overlay-opacity":"","overlay-gradient":""}},"footnotes":""},"class_list":["post-2818","page","type-page","status-publish","hentry"],"uagb_featured_image_src":{"full":false,"thumbnail":false,"medium":false,"medium_large":false,"large":false,"1536x1536":false,"2048x2048":false,"woocommerce_thumbnail":false,"woocommerce_single":false,"woocommerce_gallery_thumbnail":false},"uagb_author_info":{"display_name":"glintingeyes","author_link":"https:\/\/glintingeyes.com\/pl\/author\/glintingeyes\/"},"uagb_comment_info":0,"uagb_excerpt":"Witamy na stronie https:\/\/glintingeyes.com (dalej: \u201eStrona\u201d). Rozumiemy, \u017ce prywatno\u015b\u0107 online jest wa\u017cna dla u\u017cytkownik\u00f3w naszej Strony, zw\u0142aszcza podczas dokonywania transakcji. Niniejsze o\u015bwiadczenie reguluje nasze zasady ochrony prywatno\u015bci wobec u\u017cytkownik\u00f3w Strony (\u201eOdwiedzaj\u0105cych\u201d), kt\u00f3rzy przegl\u0105daj\u0105 Stron\u0119 bez dokonywania transakcji, oraz u\u017cytkownik\u00f3w zarejestrowanych, dokonuj\u0105cych transakcji i korzystaj\u0105cych z r\u00f3\u017cnych us\u0142ug oferowanych przez Keing Ltd. (zwanych \u0142\u0105cznie \u201eUs\u0142ugami\u201d) (\u201eUpowa\u017cnieni&hellip;","_links":{"self":[{"href":"https:\/\/glintingeyes.com\/pl\/wp-json\/wp\/v2\/pages\/2818","targetHints":{"allow":["GET"]}}],"collection":[{"href":"https:\/\/glintingeyes.com\/pl\/wp-json\/wp\/v2\/pages"}],"about":[{"href":"https:\/\/glintingeyes.com\/pl\/wp-json\/wp\/v2\/types\/page"}],"author":[{"embeddable":true,"href":"https:\/\/glintingeyes.com\/pl\/wp-json\/wp\/v2\/users\/1"}],"replies":[{"embeddable":true,"href":"https:\/\/glintingeyes.com\/pl\/wp-json\/wp\/v2\/comments?post=2818"}],"version-history":[{"count":6,"href":"https:\/\/glintingeyes.com\/pl\/wp-json\/wp\/v2\/pages\/2818\/revisions"}],"predecessor-version":[{"id":116566,"href":"https:\/\/glintingeyes.com\/pl\/wp-json\/wp\/v2\/pages\/2818\/revisions\/116566"}],"wp:attachment":[{"href":"https:\/\/glintingeyes.com\/pl\/wp-json\/wp\/v2\/media?parent=2818"}],"curies":[{"name":"wp","href":"https:\/\/api.w.org\/{rel}","templated":true}]}}